{"id":896,"date":"2016-07-07T16:22:22","date_gmt":"2016-07-07T16:22:22","guid":{"rendered":"http:\/\/www.dove-touristik.at\/?page_id=896"},"modified":"2025-06-27T12:15:00","modified_gmt":"2025-06-27T12:15:00","slug":"kunye","status":"publish","type":"page","link":"https:\/\/www.dove-touristik.at\/tr\/kunye\/","title":{"rendered":"K\u00fcnye"},"content":{"rendered":"<table style=\"margin-left: auto; margin-right: auto;\">\n<tbody>\n<tr>\n<td style=\"width: 320px; text-align: left;\"><strong>Adres:<\/strong><br \/>\nDove Touristik\u00a0GmbH<br \/>\nQuellenstrasse 72\/3,<br \/>\n1100 Wien \u2013 \u00d6sterreich<br \/>\n(<em>Verwaltung \u2013 kein Kundenverkehr<\/em>)<\/p>\n<p style=\"text-align: left;\"><strong>Telefon:\u00a0<\/strong><span id=\"appCallback_ext-click-07303436282561707\">+43 1 236 60 60\u00a0255<\/span><br \/>\n<strong>Faks:\u00a0<\/strong><span id=\"appCallback_ext-click-03620626444976349\">+43 1 236 60 60 19<\/span><br \/>\n<strong>Email:\u00a0<\/strong>office@dove-touristik.at<\/p>\n<\/td>\n<td style=\"width: 320px; text-align: center;\">\n<p style=\"text-align: left;\"><strong>Genel M\u00fcd\u00fcr:<\/strong><br \/>\nK\u00fcr\u015fad B\u0131cakc\u0131<\/p>\n<p style=\"text-align: left;\"><strong>Ticaret Sicil No:<\/strong><br \/>\nFN 584890 H<br \/>\nHG Wien \/ Reiseb\u00fcrogewerbe<\/p>\n<p style=\"text-align: left;\"><strong>UST-ID:<\/strong><br \/>\nATU<span id=\"appCallback_ext-click-05865513980779157\">78560424<\/span><\/p>\n<p style=\"text-align: left;\"><strong>Banka Hesap Bilgileri:<\/strong><br \/>\nRaiffeisenlandesbank<br \/>\n<strong>BLZ:\u00a0<\/strong>32000<br \/>\n<strong>Hesap No:<\/strong> 9313917<br \/>\n<strong>IBAN:<\/strong> AT35 3200 0000 1428 3188<br \/>\n<strong>BIC\/SWIFT:<\/strong> RLNWATWWXXX<\/p>\n<\/td>\n<\/tr>\n<\/tbody>\n<\/table>\n<p><strong>Haftungsausschluss<\/strong><br \/>\nDie bereitgestellten Informationen auf dieser Website wurden sorgf\u00e4ltig gepr\u00fcft und werden regelm\u00e4\u00dfig aktualisiert. Jedoch kann keine Garantie daf\u00fcr \u00fcbernommen werden, dass alle Angaben zu jeder Zeit vollst\u00e4ndig, richtig und in letzter Aktualit\u00e4t dargestellt sind. Dies gilt insbesondere f\u00fcr alle Verbindungen (\u201cLinks\u201d) zu anderen Websites. Alle Links auf externe Seiten wurden von uns bei Erstellung der Seite sorgf\u00e4ltig gepr\u00fcft. M\u00f6gliche Rechtsverst\u00f6\u00dfe waren zum Zeitpunkt der Verlinkung nicht erkennbar. Allerdings haben wir keinen Einfluss auf die Inhalte verlinkter Seiten, hierf\u00fcr ist der jeweilige Dienstanbieter verantwortlich. Sollten rechtswidrige Seiten \u00fcber die Hyperlinks abrufbar sein, bitten wir um eine Mitteilung an oben stehden Adresse. Wir werden dies dann \u00fcberpr\u00fcfen und die Links ggf. entfernen. Alle Angaben k\u00f6nnen ohne vorherige Ank\u00fcndigung ge\u00e4ndert, entfernt oder erg\u00e4nzt werden.<\/p>\n<p>Der Betreiber tritt im Zusammenhang mit seiner Internetpr\u00e4senz zu keinem Zeitpunkt als Anbieter von Dienstleistungen oder als Vertragspartner auf. Er stellt auf seinen Internet-Seiten lediglich \u201cVerlinkungen\u201d zu verschiedenen externen Online-Angeboten anderer Anbieter und deren Datenbanken zur Verf\u00fcgung. F\u00fcr s\u00e4mtliche Inhalte der verlinkten Angebote wird daher keinerlei Haftung \u00fcbernommen! Alle Vertr\u00e4ge, die \u00fcber \u201cVerlinkungen\u201d zu den externen Inhalten und Angeboten der Reiseveranstalter und Agenturen zustandekommen, werden jeweils direkt zwischen den buchenden Kunden bzw. Reisenden und den Veranstaltern ohne jegliche Beteiligung des Betreibers geschlossen. Der Betreiber bleibt von jeglichen vertraglichen Regelungen, Absprachen und Forderungen zwischen den Vertragsparteien frei und unber\u00fchrt.<\/p>\n<p>Stand J\u00e4nner 2016. Alle Angaben ohne Gew\u00e4hr.<\/p>\n<p>Wir benutzen neben eigenem u.a. auch Bildmaterial von iStockphoto, Fotolia. F\u00fcr Anfragen bez\u00fcglich Eintr\u00e4gen von Dove Touristik GmbH\u00a0in anderen Portalen, wenden Sie sich bitte an <strong><a href=\"mailto:office@dove-touristik.at\">office@dove-touristik.at<\/a><\/strong><\/p>\n","protected":false},"excerpt":{"rendered":"<p>Adres: Dove Touristik\u00a0GmbH Quellenstrasse 72\/3, 1100 Wien \u2013 \u00d6sterreich (Verwaltung \u2013 kein Kundenverkehr) Telefon:\u00a0+43 1 236 60 60\u00a0255 Faks:\u00a0+43 1 236 60 60 19 Email:\u00a0office@dove-touristik.at Genel [&hellip;]<\/p>\n","protected":false},"author":7,"featured_media":0,"parent":0,"menu_order":0,"comment_status":"closed","ping_status":"closed","template":"","meta":{"footnotes":""},"class_list":["post-896","page","type-page","status-publish","hentry"],"_links":{"self":[{"href":"https:\/\/www.dove-touristik.at\/tr\/wp-json\/wp\/v2\/pages\/896","targetHints":{"allow":["GET"]}}],"collection":[{"href":"https:\/\/www.dove-touristik.at\/tr\/wp-json\/wp\/v2\/pages"}],"about":[{"href":"https:\/\/www.dove-touristik.at\/tr\/wp-json\/wp\/v2\/types\/page"}],"author":[{"embeddable":true,"href":"https:\/\/www.dove-touristik.at\/tr\/wp-json\/wp\/v2\/users\/7"}],"replies":[{"embeddable":true,"href":"https:\/\/www.dove-touristik.at\/tr\/wp-json\/wp\/v2\/comments?post=896"}],"version-history":[{"count":19,"href":"https:\/\/www.dove-touristik.at\/tr\/wp-json\/wp\/v2\/pages\/896\/revisions"}],"predecessor-version":[{"id":1248,"href":"https:\/\/www.dove-touristik.at\/tr\/wp-json\/wp\/v2\/pages\/896\/revisions\/1248"}],"wp:attachment":[{"href":"https:\/\/www.dove-touristik.at\/tr\/wp-json\/wp\/v2\/media?parent=896"}],"curies":[{"name":"wp","href":"https:\/\/api.w.org\/{rel}","templated":true}]}}