{"id":1261,"date":"2025-06-27T13:26:12","date_gmt":"2025-06-27T13:26:12","guid":{"rendered":"https:\/\/www.dove-touristik.at\/tr\/?page_id=1261"},"modified":"2025-07-29T07:37:05","modified_gmt":"2025-07-29T07:37:05","slug":"gizlilik-politikasi","status":"publish","type":"page","link":"https:\/\/www.dove-touristik.at\/tr\/gizlilik-politikasi\/","title":{"rendered":"Gizlilik Politikas\u0131"},"content":{"rendered":"<ol>\n<li>\n<p data-start=\"43\" data-end=\"86\"><strong data-start=\"43\" data-end=\"68\">VER\u0130 G\u0130ZL\u0130L\u0130\u011e\u0130 BEYANI<\/strong><br \/>\n<strong data-start=\"69\" data-end=\"86\">Temel \u0130lkeler<\/strong><\/p>\n<p data-start=\"88\" data-end=\"602\">Bu veri gizlili\u011fi beyan\u0131, Dove Touristik GmbH&#8217;n\u0131n (bundan sonra Dove olarak an\u0131lacakt\u0131r) hizmetlerinden yararlanan t\u00fcm ki\u015filer i\u00e7in ge\u00e7erlidir. Bu beyanla, ki\u015fisel verilerinizin toplanma ve kullan\u0131m \u015fekli, kapsam\u0131 ve amac\u0131 hakk\u0131nda sizi bilgilendiriyoruz. Gizlili\u011finize sayg\u0131 g\u00f6steriyoruz ve ki\u015fisel verilerinizin i\u015flenmesiyle ilgili yasal d\u00fczenlemelere (AB Y\u00f6netmeli\u011fi No. 679\/2016 (GDPR), DSG 2000, DSG 2018 ve TKG 2003) tam olarak uymay\u0131 taahh\u00fct ediyoruz. T\u00fcm ki\u015fisel verileriniz bu temel \u00fczerine i\u015flenmektedir.<\/p>\n<p data-start=\"604\" data-end=\"671\">Veri i\u015fleme sorumlusu Dove Touristik, Quellenstrasse 72\/3, 1100 Viyana\u2019d\u0131r.<\/p>\n<p data-start=\"673\" data-end=\"763\">Veri koruma koordinat\u00f6r\u00fcm\u00fcz K\u00fcr\u015fad B\u0130\u00c7AKCI\u2019d\u0131r (<a class=\"cursor-pointer\" rel=\"noopener\" data-start=\"721\" data-end=\"745\">office@dove-touristik.at<\/a>, <span id=\"appCallback_ext-click-02047519134767838\">+431236606<\/span><\/p>\n<p data-start=\"765\" data-end=\"1001\">Hizmetlerimizi kullanarak ve bu beyan kapsam\u0131ndaki onaylar\u0131 vererek, 14 ya\u015f\u0131n\u0131 doldurdu\u011funuzu ve yasal bir onay verebilecek durumda oldu\u011funuzu veya yasal temsilcinizin ya da vasinizin ge\u00e7erli bir onay\u0131 bulundu\u011funu beyan etmi\u015f olursunuz.<\/p>\n<p data-start=\"1003\" data-end=\"1037\"><strong data-start=\"1003\" data-end=\"1037\">Madde 13 GDPR&#8217;ye G\u00f6re Bilgiler<\/strong><\/p>\n<p data-start=\"1039\" data-end=\"1070\">Ki\u015fisel verileriniz, \u00f6zellikle:<\/p>\n<ul data-start=\"1072\" data-end=\"1655\">\n<li data-start=\"1072\" data-end=\"1144\">\n<p data-start=\"1074\" data-end=\"1144\">Kimlik bilgileri (Ad, Soyad, Adres, E-posta Adresi, Telefon Numaras\u0131),<\/p>\n<\/li>\n<li data-start=\"1145\" data-end=\"1272\">\n<p data-start=\"1147\" data-end=\"1272\">Seyahat belgelerindeki veriler (Pasaport numaras\u0131, pasaport bilgileri, do\u011fum tarihi, d\u00fczenleyici otorite, ge\u00e7erlilik s\u00fcresi),<\/p>\n<\/li>\n<li data-start=\"1273\" data-end=\"1395\">\n<p data-start=\"1275\" data-end=\"1395\">\u00d6deme y\u00f6ntemi ve \u00f6deme ile ilgili veriler, \u00f6zellikle banka kartlar\u0131, kredi kartlar\u0131 ve banka kartlar\u0131yla ilgili veriler,<\/p>\n<\/li>\n<li data-start=\"1396\" data-end=\"1526\">\n<p data-start=\"1398\" data-end=\"1526\">Gidilen destinasyonlar, oteller, konaklama s\u00fcresi, irtibat ki\u015filer, ko\u015fullar, \u00f6zel hizmetler, sa\u011fl\u0131k verileri, sadakat numaras\u0131,<\/p>\n<\/li>\n<li data-start=\"1527\" data-end=\"1655\">\n<p data-start=\"1529\" data-end=\"1655\">Sa\u011fl\u0131k verileri, maa\u015f bordrosu ve \u00f6zel ihtiya\u00e7lar (\u00f6rne\u011fin tekerlekli sandalye, \u00f6zel yemekler) ve evlilik\/partnerlik verileri,<\/p>\n<\/li>\n<\/ul>\n<p data-start=\"1657\" data-end=\"2041\">hizmetlerimiz i\u00e7in gereklidir. Bu veriler \u00f6zellikle seyahat, rehberlik, otel, yemek, ara\u00e7 kiralama, transferler, kay\u0131t i\u015flemleri, sigortalar, etkinlikler, turlar, akreditasyonlar, kuponlar, m\u00fc\u015fteri kay\u0131tlar\u0131, \u00f6deme ve do\u011frulama i\u015flemleri (B2B, B2C, FIT), bilet rezervasyonlar\u0131, otel sat\u0131n al\u0131mlar\u0131, Digit\u00fcrk sat\u0131\u015f\u0131, cenaze hizmetleri ve\/veya nakil organizasyonu i\u00e7in kullan\u0131lmaktad\u0131r.<\/p>\n<p data-start=\"2043\" data-end=\"2319\">Bu veriler, yukar\u0131da belirtilen ama\u00e7larla depolan\u0131r, i\u015flenir ve gerekti\u011finde \u00fc\u00e7\u00fcnc\u00fc \u015fah\u0131slara \u2013 seyahat rezervasyonlar\u0131, yaz\u0131l\u0131m ve acente hizmetleri, Digit\u00fcrk, cenaze hizmetleri ve nakil gibi hizmetlerde \u00fc\u00e7\u00fcnc\u00fc \u00fclkelerdeki hizmet sa\u011flay\u0131c\u0131lar\u0131na i\u015fleyici olarak iletilebilir.<\/p>\n<p data-start=\"2321\" data-end=\"2416\"><strong data-start=\"2321\" data-end=\"2358\">Profiling ve Otomatik Karar Verme<\/strong><br data-start=\"2358\" data-end=\"2361\" \/>Profiling veya otomatik karar verme kullan\u0131lmamaktad\u0131r.<\/p>\n<p data-start=\"2418\" data-end=\"2723\">Verilerin saklama s\u00fcresi, i\u015f ili\u015fkimizin s\u00fcresine ve ge\u00e7erli yasal saklama y\u00fck\u00fcml\u00fcl\u00fcklerimize dayan\u0131r. D\u00fczenli i\u015fbirliklerinde, m\u00fc\u015fteri hizmetlerimizi en iyi \u015fekilde sunabilmek i\u00e7in, bize iletilen m\u00fc\u015fteri taleplerini en iyi \u015fekilde bilmeye gayret ediyoruz, b\u00f6ylece sizi s\u00fcrekli olarak tatmin edebilece\u011fiz.<\/p>\n<p data-start=\"2725\" data-end=\"3076\"><strong data-start=\"2725\" data-end=\"2733\">Not:<\/strong> Taksitli \u00f6deme iste\u011fi durumunda, Santander Consumer Bank (Wagramer Stra\u00dfe 19, 1220 Viyana) ile kredi de\u011ferlendirmeleri yap\u0131l\u0131r ve yaln\u0131zca \u00f6deme plan\u0131n\u0131n onaylan\u0131p onaylanmad\u0131\u011f\u0131na dair bir yan\u0131t al\u0131n\u0131r. Di\u011fer veriler bize iletilmez ve bu verilerle ilgili herhangi bir kay\u0131t tutulmaz. Ancak, s\u00f6zle\u015fme i\u00e7in gerekli veriler Santander&#8217;a iletilir.<\/p>\n<p data-start=\"3078\" data-end=\"3708\"><strong data-start=\"3078\" data-end=\"3097\">Web Sitelerimiz<\/strong><br data-start=\"3097\" data-end=\"3100\" \/>Web sitemizi ziyaret etti\u011finizde, otomatik olarak eri\u015fim verileriniz toplan\u0131r ve saklan\u0131r. Bu eri\u015fim verileri, \u00f6zellikle ziyaret edilen sayfa, g\u00f6r\u00fcnt\u00fclenen dosyalar, ziyaret tarihi ve saati, kullan\u0131c\u0131 IP adresi, ziyaret edilen cihaz\u0131n verileri, \u00f6zellikle taray\u0131c\u0131 ve i\u015fletim sistemi verileri, veri miktar\u0131 ve ba\u015far\u0131l\u0131 eri\u015fim bildirimi i\u00e7erebilir. Bu eri\u015fim verileri, i\u00e7sel istatistiksel ama\u00e7lar i\u00e7in kullan\u0131lmakta olup, teklifimizin g\u00fcvenli\u011fini sa\u011flamak ve teklifi optimize etmek amac\u0131yla de\u011ferlendirilmektedir. Hukuka ayk\u0131r\u0131 bir i\u015flem \u015f\u00fcphesi durumunda, eri\u015fim verileri delil toplama amac\u0131yla incelenebilir.<\/p>\n<p data-start=\"3710\" data-end=\"4187\">\u0130leti\u015fim formumuza ki\u015fisel verilerinizi girdi\u011finizde, bu belirli ba\u015fvurunun bak\u0131m\u0131 s\u00fcresince verilerinizin iletilmesine ve saklanmas\u0131na onay vermi\u015f olursunuz. Bu, \u00f6zellikle ileti\u015fim formu, sohbet ve e-posta yoluyla bize g\u00f6nderdi\u011finiz talepleriniz i\u00e7in ge\u00e7erlidir. Bu veriler, talebinizi i\u015fleme almak i\u00e7in gereklidir ve bu durumlarda IP adresiniz de delil toplama amac\u0131yla saklan\u0131r. Veriler, bu taleplerin ek veya sonraki sorularla ilgili olarak devam etmesi durumunda saklan\u0131r.<\/p>\n<p data-start=\"4189\" data-end=\"4387\">Web sitemiz martireisen.at, akin.at mcstravel.at, martigo.com, hoteltransferantalya.de, digiturk.at, islamische-bestattung.at ve anadolu-bestattung.at \u00fczerinden ba\u015fka veriler toplanmaz ve saklanmaz.<\/p>\n<p data-start=\"4389\" data-end=\"4581\"><strong data-start=\"4389\" data-end=\"4414\">Veri \u0130\u015fleme Temelleri<\/strong><br data-start=\"4414\" data-end=\"4417\" \/>Veri i\u015fleme temelleri, onay\u0131n\u0131z, \u00f6n s\u00f6zle\u015fmesel ve s\u00f6zle\u015fmesel y\u00fck\u00fcml\u00fcl\u00fcklerimiz, me\u015fru menfaatlerimiz ve t\u00fcm yasal y\u00fck\u00fcml\u00fcl\u00fcklerimiz ile \u00a7 96 TKG&#8217;ye dayanmaktad\u0131r.<\/p>\n<p data-start=\"4583\" data-end=\"5053\"><strong data-start=\"4583\" data-end=\"4593\">\u0130\u00e7erik<\/strong><br data-start=\"4593\" data-end=\"4596\" \/>Web sitemizin i\u00e7eri\u011fi dikkatlice haz\u0131rlanm\u0131\u015f ve kontrol edilmi\u015ftir. Ancak, sa\u011flanan bilgilerin g\u00fcncel, do\u011fru ve eksiksiz olmas\u0131ndan sorumlu de\u011filiz. Hatal\u0131 veya eksik bilgilerin kullan\u0131m\u0131 veya kullan\u0131lmamas\u0131 nedeniyle olu\u015fabilecek zararlar i\u00e7in herhangi bir sorumluluk kabul edilmez. T\u00fcm teklifler ba\u011flay\u0131c\u0131 de\u011fildir ve de\u011fi\u015ftirilebilir. Sunulan bilgilerin herhangi bir b\u00f6l\u00fcm\u00fc \u00f6nceden bildirimde bulunmaks\u0131z\u0131n de\u011fi\u015ftirilebilir, eklenebilir veya silinebilir.<\/p>\n<p data-start=\"5055\" data-end=\"5327\"><strong data-start=\"5055\" data-end=\"5114\">\u00dc\u00e7\u00fcnc\u00fc Taraflara Veri Aktar\u0131m\u0131 \/ \u0130\u015flemci Y\u00fck\u00fcml\u00fcl\u00fckleri<\/strong><br data-start=\"5114\" data-end=\"5117\" \/>Ki\u015fisel verileriniz, uygun kullan\u0131m ama\u00e7lar\u0131na dikkat edilerek grubumuz i\u00e7inde, veri i\u015fleyicilerine (\u00f6rne\u011fin, elektronik pazarlama hizmetleri i\u00e7in) ve hizmetlerinizi sa\u011flamak i\u00e7in \u00fc\u00e7\u00fcnc\u00fc \u015fah\u0131slara iletilebilir.<\/p>\n<p data-start=\"5329\" data-end=\"5601\"><strong data-start=\"5329\" data-end=\"5361\">\u00c7erezler ve Takip Servisleri<\/strong><br data-start=\"5361\" data-end=\"5364\" \/>\u00c7erezler, web taray\u0131c\u0131s\u0131nda bilgi depolamak i\u00e7in kullan\u0131lan k\u00fc\u00e7\u00fck metin \u00f6\u011feleridir. \u00c7erezler, web sitemizi bir sonraki ziyaretinizde tan\u0131mam\u0131za yard\u0131mc\u0131 olur ve y\u00fckleme i\u015flemlerini h\u0131zland\u0131rarak hizmetlerimizi daha konforlu hale getirir.<\/p>\n<p data-start=\"5603\" data-end=\"5952\">Web sitemizde, \u00fc\u00e7\u00fcnc\u00fc taraf i\u00e7erikleri de kullan\u0131lmaktad\u0131r; \u00f6rne\u011fin, Google Maps, RSS beslemeleri veya Youtube. Bu \u00fc\u00e7\u00fcnc\u00fc taraflar, teknik sebeplerden \u00f6t\u00fcr\u00fc IP adresinizi alabilirler. Bu verilerin \u00fc\u00e7\u00fcnc\u00fc taraflar taraf\u0131ndan nas\u0131l kullan\u0131ld\u0131\u011f\u0131 \u00fczerinde bizim kontrol\u00fcm\u00fcz yoktur. Bu konuda \u00fc\u00e7\u00fcnc\u00fc taraflar\u0131n gizlilik beyanlar\u0131na ba\u015fvurman\u0131z\u0131 \u00f6neririz.<\/p>\n<p data-start=\"5954\" data-end=\"6218\"><strong data-start=\"5954\" data-end=\"5984\">Google Analytics Kullan\u0131m\u0131<\/strong><br data-start=\"5984\" data-end=\"5987\" \/>Bu web sitesi, kullan\u0131c\u0131lar\u0131n web sitesi kullan\u0131m\u0131n\u0131 analiz etmek i\u00e7in Google Analytics hizmetini kullanmaktad\u0131r. Bu hizmet, \u00e7erezler kullanarak bilgileri toplar ve bu bilgiler genellikle Google\u2019\u0131n ABD&#8217;deki sunucular\u0131na g\u00f6nderilir.<\/p>\n<p data-start=\"6220\" data-end=\"6522\"><strong data-start=\"6220\" data-end=\"6258\">Sosyal Medya Eklentileri Kullan\u0131m\u0131<\/strong><br data-start=\"6258\" data-end=\"6261\" \/>Bu web sitesi, Facebook, Google Plus, Twitter ve Instagram gibi sosyal medya eklentilerini kullanmaktad\u0131r. Bu eklentiler, sosyal medya hesaplar\u0131n\u0131zla veri payla\u015fman\u0131za olanak tan\u0131r ve verilerinize ili\u015fkin detaylar sosyal medya sa\u011flay\u0131c\u0131lar\u0131 taraf\u0131ndan toplan\u0131r.<\/p>\n<p data-start=\"6524\" data-end=\"6692\"><strong data-start=\"6524\" data-end=\"6536\">\u0130leti\u015fim<\/strong><br data-start=\"6536\" data-end=\"6539\" \/>Her zaman ki\u015fisel verilerinizle ilgili olarak \u00fccretsiz bilgi alabilirsiniz. Ayr\u0131ca, verilerinizi d\u00fczeltme, silme, k\u0131s\u0131tlama ve iletme hakk\u0131na sahipsiniz.<\/p>\n<p data-start=\"6694\" data-end=\"6921\" data-is-only-node=\"\"><strong data-start=\"6694\" data-end=\"6703\">Di\u011fer<\/strong><br data-start=\"6703\" data-end=\"6706\" \/>Ki\u015fisel verilerinizi korumak i\u00e7in teknik ve organizasyonel \u00f6nlemler ald\u0131k. Bu veri gizlili\u011fi beyan\u0131n\u0131 zaman zaman de\u011fi\u015ftirebiliriz. Yeni s\u00fcr\u00fcm, web sitemizde sunulmaya ba\u015fland\u0131\u011f\u0131 tarihten itibaren ge\u00e7erli olacakt\u0131r.<\/p>\n<\/li>\n<\/ol>\n","protected":false},"excerpt":{"rendered":"<p>VER\u0130 G\u0130ZL\u0130L\u0130\u011e\u0130 BEYANI Temel \u0130lkeler Bu veri gizlili\u011fi beyan\u0131, Dove Touristik GmbH&#8217;n\u0131n (bundan sonra Dove olarak an\u0131lacakt\u0131r) hizmetlerinden yararlanan t\u00fcm ki\u015filer i\u00e7in ge\u00e7erlidir. Bu beyanla, ki\u015fisel [&hellip;]<\/p>\n","protected":false},"author":7,"featured_media":0,"parent":0,"menu_order":0,"comment_status":"closed","ping_status":"closed","template":"","meta":{"footnotes":""},"class_list":["post-1261","page","type-page","status-publish","hentry"],"_links":{"self":[{"href":"https:\/\/www.dove-touristik.at\/tr\/wp-json\/wp\/v2\/pages\/1261","targetHints":{"allow":["GET"]}}],"collection":[{"href":"https:\/\/www.dove-touristik.at\/tr\/wp-json\/wp\/v2\/pages"}],"about":[{"href":"https:\/\/www.dove-touristik.at\/tr\/wp-json\/wp\/v2\/types\/page"}],"author":[{"embeddable":true,"href":"https:\/\/www.dove-touristik.at\/tr\/wp-json\/wp\/v2\/users\/7"}],"replies":[{"embeddable":true,"href":"https:\/\/www.dove-touristik.at\/tr\/wp-json\/wp\/v2\/comments?post=1261"}],"version-history":[{"count":2,"href":"https:\/\/www.dove-touristik.at\/tr\/wp-json\/wp\/v2\/pages\/1261\/revisions"}],"predecessor-version":[{"id":1270,"href":"https:\/\/www.dove-touristik.at\/tr\/wp-json\/wp\/v2\/pages\/1261\/revisions\/1270"}],"wp:attachment":[{"href":"https:\/\/www.dove-touristik.at\/tr\/wp-json\/wp\/v2\/media?parent=1261"}],"curies":[{"name":"wp","href":"https:\/\/api.w.org\/{rel}","templated":true}]}}